{"id":28,"date":"2015-04-30T15:17:24","date_gmt":"2015-04-30T14:17:24","guid":{"rendered":"https:\/\/www.finessence.fr\/?page_id=28"},"modified":"2025-09-18T18:03:16","modified_gmt":"2025-09-18T16:03:16","slug":"mentions-legales","status":"publish","type":"page","link":"https:\/\/finessence.fr\/en\/mentions-legales\/","title":{"rendered":"Legal notices"},"content":{"rendered":"<p><\/p>\n<h2>Informations g\u00e9n\u00e9rales<\/h2>\n<p><b>AGAPE GROUP<\/b><br \/>\nZA Le Camp Bernard<br \/>\n84110 Sablet<\/p>\n<h2>Droits d\u2019auteur et propri\u00e9t\u00e9 intellectuelle<\/h2>\n<p>L\u2019ensemble de ce site rel\u00e8ve de la l\u00e9gislation fran\u00e7aise et internationale sur les droits d\u2019auteur et la propri\u00e9t\u00e9 intellectuelle. Tous les droits de reproduction sont r\u00e9serv\u00e9s. La reproduction de tout ou partie de ce site sur quelque support que ce soit est formellement interdite sauf autorisation expresse et pr\u00e9alable du directeur de la publication. La reproduction des textes de ce site sur un support papier est autoris\u00e9e, sous r\u00e9serve du respect des conditions suivantes : gratuit\u00e9 de la diffusion, respect de l\u2019int\u00e9grit\u00e9 des documents reproduits : pas de modification ni alt\u00e9ration d\u2019aucune sorte, citation claire et lisible de la source.<\/p>\n<h2>Traitement des donn\u00e9es personnelles<\/h2>\n<p>Les informations recueillies aupr\u00e8s des personnes par le biais des formulaires de contact, par l\u2019envoi de messages \u00e9lectroniques, ou via des outils de mesure d\u2019audience sont destin\u00e9es exclusivement \u00e0 l\u2019usage de ce site Internet. Elles ne sont en aucun cas communiqu\u00e9es \u00e0 des tiers. Conform\u00e9ment aux articles 39 et suivants de la loi n\u00b0 78-17 du 6 janvier 1978 relative \u00e0 l\u2019informatique, aux fichiers et aux libert\u00e9s, toute personne peut obtenir communication et, le cas \u00e9ch\u00e9ant, rectification ou suppression des informations la concernant, en s\u2019adressant au directeur de publication. Toute personne peut \u00e9galement, pour des motifs l\u00e9gitimes, s\u2019opposer au traitement des donn\u00e9es la concernant.<\/p>\n<h2>Cookies et vie priv\u00e9e<\/h2>\n<p>Pour le bon fonctionnement de ce site Internet, certains <em>cookies<\/em> peuvent-\u00eatre install\u00e9s sur votre terminal. Ces <em>cookies<\/em> ne sont pas utilis\u00e9s \u00e0 des fins commerciales, mais exclusivement pour vous permettre de naviguer convenablement sur ce site Internet (m\u00e9moriser votre r\u00e9solution d\u2019affichage, le syst\u00e8me d\u2019exploitation\u2026). Ces <em>cookies<\/em> ont une dur\u00e9e de vie de quelques heures uniquement, et ne sont pas vou\u00e9s \u00e0 \u00eatre stock\u00e9s ind\u00e9finiment sur votre terminal. Pour votre information, ce site Internet utilise un outil de mesure d\u2019audience, <a title=\"Google Analytics\" href=\"http:\/\/www.google.com\/analytics\/\" target=\"_blank\" rel=\"noopener\">Google Analytics<\/a>, qui peut n\u00e9cessiter l\u2019installation de <em>cookies<\/em> sur votre terminal. Ces <em>cookies<\/em> sont utilis\u00e9s exclusivement \u00e0 titre de mesures statistiques de ce site Internet (volume de fr\u00e9quentation, pages visit\u00e9es, origine g\u00e9ographique de l\u2019internaute\u2026).<\/p>\n<h2>Conception du site Internet et H\u00e9bergement<\/h2>\n<p><strong>REZO 21, cr\u00e9ateur de sites Internet<\/strong> <br \/>\nLes Pyramides,<br \/>\n4 route de Pitoys,<br \/>\n64600 Anglet <br \/>\nT\u00e9l. : 05 59 20 89 97 et 06 03 54 07 30 <br \/>\nFax : 08 11 38 46 68 <br \/>\nAdresse e-mail : <a href=\"mailto:contact@rezo21.net\">contact@rezo21.net<\/a><\/p>\n<p>&nbsp;<\/p>\n<p><\/p>","protected":false},"excerpt":{"rendered":"<p>Informations g\u00e9n\u00e9rales AGAPE GROUP ZA Le Camp Bernard 84110 Sablet Droits d\u2019auteur et propri\u00e9t\u00e9 intellectuelle L\u2019ensemble de ce site rel\u00e8ve de la l\u00e9gislation fran\u00e7aise et internationale sur les droits d\u2019auteur et la propri\u00e9t\u00e9 intellectuelle. Tous les droits de reproduction sont &hellip; <a href=\"https:\/\/finessence.fr\/en\/mentions-legales\/\">Continue reading <span class=\"glyphicon glyphicon glyphicon-chevron-right\"><\/span><\/a><\/p>\n","protected":false},"author":1,"featured_media":0,"parent":0,"menu_order":0,"comment_status":"open","ping_status":"open","template":"","meta":{"_acf_changed":false,"_seopress_robots_primary_cat":"","_seopress_titles_title":"","_seopress_titles_desc":"","_seopress_robots_index":"","footnotes":""},"class_list":["post-28","page","type-page","status-publish","hentry"],"acf":[],"_links":{"self":[{"href":"https:\/\/finessence.fr\/en\/wp-json\/wp\/v2\/pages\/28","targetHints":{"allow":["GET"]}}],"collection":[{"href":"https:\/\/finessence.fr\/en\/wp-json\/wp\/v2\/pages"}],"about":[{"href":"https:\/\/finessence.fr\/en\/wp-json\/wp\/v2\/types\/page"}],"author":[{"embeddable":true,"href":"https:\/\/finessence.fr\/en\/wp-json\/wp\/v2\/users\/1"}],"replies":[{"embeddable":true,"href":"https:\/\/finessence.fr\/en\/wp-json\/wp\/v2\/comments?post=28"}],"version-history":[{"count":19,"href":"https:\/\/finessence.fr\/en\/wp-json\/wp\/v2\/pages\/28\/revisions"}],"predecessor-version":[{"id":25251,"href":"https:\/\/finessence.fr\/en\/wp-json\/wp\/v2\/pages\/28\/revisions\/25251"}],"wp:attachment":[{"href":"https:\/\/finessence.fr\/en\/wp-json\/wp\/v2\/media?parent=28"}],"curies":[{"name":"wp","href":"https:\/\/api.w.org\/{rel}","templated":true}]}}