{"id":14554,"date":"2018-03-16T09:31:44","date_gmt":"2018-03-16T08:31:44","guid":{"rendered":"https:\/\/www.finessence.fr\/?page_id=14554"},"modified":"2018-03-16T09:31:44","modified_gmt":"2018-03-16T08:31:44","slug":"lentisque-pistachier","status":"publish","type":"page","link":"https:\/\/finessence.fr\/en\/lentisque-pistachier\/","title":{"rendered":"Lentisque Pistachier"},"content":{"rendered":"<p><strong>Le Lentisque Pistachier est un arbrisseau, parfois arbuste, \u00e9galement connu sous le nom \u00ab\u00a0d\u2019Arbre \u00e0 Mastic\u00a0\u00bb. Il pousse notamment dans les garrigues et maquis m\u00e9diterran\u00e9ens, appr\u00e9ciant la chaleur et les terres s\u00e8ches. Son feuillage est persistant, et il donne des fruits d\u2019abord rouges puis noirs en hiver.<\/strong><\/p>\n<p>Sa r\u00e9sine, appel\u00e9e \u00ab\u00a0Mastic\u00a0\u00bb, a eu bien des utilisations depuis l\u2019Antiquit\u00e9, et continue d\u2019en avoir aujourd\u2019hui. Elle a notamment servie de colle et a longtemps \u00e9t\u00e9 l\u2019\u00e9quivalent de nos chewing-gums, sous la forme d\u2019une p\u00e2te \u00e0 mastiquer permettant de rafra\u00eechir l\u2019haleine.\u00a0 Elle sert encore aujourd\u2019hui dans l\u2019industrie agroalimentaire, et poss\u00e8de des propri\u00e9t\u00e9s antibact\u00e9riennes et antioxydantes.<\/p>\n<p><b>Indications\u00a0:<\/b><\/p>\n<p>Jambes lourdes \/ Troubles Cardio-vasculaire \/ Ulc\u00e8re gastrique et a\u00e9rophagie \/ Prostatite \/ Mauvaise circulation, congestions, stases veineuses<\/p>\n<p><b>Synergies\u00a0:<\/b><\/p>\n<p>-Pour r\u00e9aliser un m\u00e9lange tonifiant et combattre les jambes lourdes, associer \u00e0 des huiles essentielles de Cypr\u00e8s, d\u2019Immortelle et de Niaouli<\/p>\n<p><b>Rendement : <\/b><\/p>\n<p>2 tonnes de sommit\u00e9s fleuries sont n\u00e9cessaires pour obtenir 1kg d\u2019huile essentielle.<\/p>\n","protected":false},"excerpt":{"rendered":"<p>Le Lentisque Pistachier est un arbrisseau, parfois arbuste, \u00e9galement connu sous le nom \u00ab\u00a0d\u2019Arbre \u00e0 Mastic\u00a0\u00bb. Il pousse notamment dans les garrigues et maquis m\u00e9diterran\u00e9ens, appr\u00e9ciant la chaleur et les terres s\u00e8ches. Son feuillage est persistant, et il donne des &hellip; <a href=\"https:\/\/finessence.fr\/en\/lentisque-pistachier\/\">Continue reading <span class=\"glyphicon glyphicon glyphicon-chevron-right\"><\/span><\/a><\/p>\n","protected":false},"author":42,"featured_media":0,"parent":0,"menu_order":0,"comment_status":"closed","ping_status":"closed","template":"","meta":{"_acf_changed":false,"_seopress_robots_primary_cat":"","_seopress_titles_title":"","_seopress_titles_desc":"","_seopress_robots_index":"","footnotes":""},"class_list":["post-14554","page","type-page","status-publish","hentry"],"acf":[],"_links":{"self":[{"href":"https:\/\/finessence.fr\/en\/wp-json\/wp\/v2\/pages\/14554","targetHints":{"allow":["GET"]}}],"collection":[{"href":"https:\/\/finessence.fr\/en\/wp-json\/wp\/v2\/pages"}],"about":[{"href":"https:\/\/finessence.fr\/en\/wp-json\/wp\/v2\/types\/page"}],"author":[{"embeddable":true,"href":"https:\/\/finessence.fr\/en\/wp-json\/wp\/v2\/users\/42"}],"replies":[{"embeddable":true,"href":"https:\/\/finessence.fr\/en\/wp-json\/wp\/v2\/comments?post=14554"}],"version-history":[{"count":1,"href":"https:\/\/finessence.fr\/en\/wp-json\/wp\/v2\/pages\/14554\/revisions"}],"predecessor-version":[{"id":14555,"href":"https:\/\/finessence.fr\/en\/wp-json\/wp\/v2\/pages\/14554\/revisions\/14555"}],"wp:attachment":[{"href":"https:\/\/finessence.fr\/en\/wp-json\/wp\/v2\/media?parent=14554"}],"curies":[{"name":"wp","href":"https:\/\/api.w.org\/{rel}","templated":true}]}}