{"id":14550,"date":"2018-03-16T09:28:38","date_gmt":"2018-03-16T08:28:38","guid":{"rendered":"https:\/\/www.finessence.fr\/?page_id=14550"},"modified":"2018-03-16T09:28:38","modified_gmt":"2018-03-16T08:28:38","slug":"la-coriandre","status":"publish","type":"page","link":"https:\/\/finessence.fr\/en\/la-coriandre\/","title":{"rendered":"La Coriandre"},"content":{"rendered":"<p><strong>La Coriandre est une plante mesurant g\u00e9n\u00e9ralement entre 30 et 60 cm dont le feuillage est vert \u00e0 vert clair. Son odeur est particuli\u00e8re, souvent d\u00e9crite comme \u00ab\u00a0f\u00e9tide\u00a0\u00bb, et rappelle l\u2019odeur des punaises.<\/strong><\/p>\n<p>La Coriandre est une plante aromatique cultiv\u00e9e dans le monde entier et notamment employ\u00e9e dans des pr\u00e9parations culinaires. Pour autant, son origine reste incertaine, et elle pousse \u00e0 l\u2019\u00e9tat sauvage dans le Sud de L\u2019Europe et au Proche-Orient.<\/p>\n<p>Cette plante a cependant \u00e9t\u00e9 retrouv\u00e9e en Egypte Antique, notamment dans certains tombeaux et s\u00e9pultures, ce qui prouve qu\u2019elle \u00e9tait d\u00e9j\u00e0 cultiv\u00e9e \u00e0 l\u2019\u00e9poque pour ses nombreuses propri\u00e9t\u00e9s. Le constat est le m\u00eame pour la Gr\u00e8ce Antique, o\u00f9 elle continuait d\u2019\u00eatre cultiv\u00e9e et employ\u00e9e.<\/p>\n<p>Son nom provient du latin coriandrum et du grec koriandron, qui d\u00e9signe la punaise, en r\u00e9f\u00e9rence \u00e0 son odeur.<\/p>\n<p>&nbsp;<\/p>\n<p><b>Indications\u00a0: <\/b><\/p>\n<p>Troubles digestifs \/ Infections virales et bact\u00e9riennes \/ Fatigues et Asth\u00e9nies \/ Troubles du sommeil<\/p>\n<p>&nbsp;<\/p>\n<p><b>Synergies :<\/b><\/p>\n<p>-Pour lutter contre l\u2019a\u00e9rophagie, associer \u00e0 une huile essentielle de basilic.<\/p>\n<p>-Pour des probl\u00e8mes d\u2019intoxication alimentaire et de gastrite, associer \u00e0 des huiles essentielles de citron et de menthe poivr\u00e9e, ou encore de Gingembre.<\/p>\n","protected":false},"excerpt":{"rendered":"<p>La Coriandre est une plante mesurant g\u00e9n\u00e9ralement entre 30 et 60 cm dont le feuillage est vert \u00e0 vert clair. Son odeur est particuli\u00e8re, souvent d\u00e9crite comme \u00ab\u00a0f\u00e9tide\u00a0\u00bb, et rappelle l\u2019odeur des punaises. La Coriandre est une plante aromatique cultiv\u00e9e &hellip; <a href=\"https:\/\/finessence.fr\/en\/la-coriandre\/\">Continue reading <span class=\"glyphicon glyphicon glyphicon-chevron-right\"><\/span><\/a><\/p>\n","protected":false},"author":42,"featured_media":0,"parent":0,"menu_order":0,"comment_status":"closed","ping_status":"closed","template":"","meta":{"_acf_changed":false,"_seopress_robots_primary_cat":"","_seopress_titles_title":"","_seopress_titles_desc":"","_seopress_robots_index":"","footnotes":""},"class_list":["post-14550","page","type-page","status-publish","hentry"],"acf":[],"_links":{"self":[{"href":"https:\/\/finessence.fr\/en\/wp-json\/wp\/v2\/pages\/14550","targetHints":{"allow":["GET"]}}],"collection":[{"href":"https:\/\/finessence.fr\/en\/wp-json\/wp\/v2\/pages"}],"about":[{"href":"https:\/\/finessence.fr\/en\/wp-json\/wp\/v2\/types\/page"}],"author":[{"embeddable":true,"href":"https:\/\/finessence.fr\/en\/wp-json\/wp\/v2\/users\/42"}],"replies":[{"embeddable":true,"href":"https:\/\/finessence.fr\/en\/wp-json\/wp\/v2\/comments?post=14550"}],"version-history":[{"count":1,"href":"https:\/\/finessence.fr\/en\/wp-json\/wp\/v2\/pages\/14550\/revisions"}],"predecessor-version":[{"id":14551,"href":"https:\/\/finessence.fr\/en\/wp-json\/wp\/v2\/pages\/14550\/revisions\/14551"}],"wp:attachment":[{"href":"https:\/\/finessence.fr\/en\/wp-json\/wp\/v2\/media?parent=14550"}],"curies":[{"name":"wp","href":"https:\/\/api.w.org\/{rel}","templated":true}]}}