{"id":13,"date":"2015-04-30T15:03:45","date_gmt":"2015-04-30T14:03:45","guid":{"rendered":"https:\/\/www.finessence.fr\/?page_id=13"},"modified":"2023-02-21T12:23:54","modified_gmt":"2023-02-21T11:23:54","slug":"plan-du-site","status":"publish","type":"page","link":"https:\/\/finessence.fr\/en\/plan-du-site\/","title":{"rendered":"Sitemap"},"content":{"rendered":"<p><\/p>\n<p>This page shows you the map of this website. Below you can find a list of all the pages that are essential to navigate properly.<\/p>\n<div class=\"wrap-html-sitemap sp-html-sitemap\"><div class=\"sp-wrap-cpt\"><h2 class=\"sp-cpt-name\">Posts<\/h2><div class=\"sp-wrap-cats\"><div class=\"sp-wrap-cat\"><h3 class=\"sp-cat-name\"><a href=\"https:\/\/finessence.fr\/en\/categorie\/guide-des-huiles-essentielles\/\">Essential Oil Guide<\/a><\/h3><ul class=\"sp-list-posts\"><li><a href=\"https:\/\/finessence.fr\/en\/guide-des-huiles-essentielles\/quest-ce-que-les-huiles-essentielles\/\">#INFO : What&#8217;s an Essential Oil ?<\/a> - 1 March 2018<\/li><\/ul><\/div><div class=\"sp-wrap-cat\"><h3 class=\"sp-cat-name\"><a href=\"https:\/\/finessence.fr\/en\/categorie\/guide-des-huiles-vegetales\/\">Vegetal Oils Guide<\/a><\/h3><ul class=\"sp-list-posts\"><li><a href=\"https:\/\/finessence.fr\/en\/guide-des-huiles-vegetales\/comment-utiliser-les-huiles-essentielles\/\">#INFO : Why should you chose an organic VO?<\/a> - 1 March 2018<\/li><\/ul><\/div><\/div><\/div><div class=\"sp-wrap-cpt\"><h2 class=\"sp-cpt-name\">Guides & Conseils<\/h2><ul class=\"sp-list-posts\"><li><a href=\"https:\/\/finessence.fr\/en\/guide\/lhuile-essentielle-de-basilic-tropical\/\">Tropical Basil EO<\/a> - 27 July 2017<\/li><li><a href=\"https:\/\/finessence.fr\/en\/guide\/he-bergamote-furocoumarines\/\">Bergamot EO (Furocoumarin free)<\/a> - 6 March 2018<\/li><li><a href=\"https:\/\/finessence.fr\/en\/guide\/he-bois-de-santal-doceanie\/\">Sandalwood EO<\/a> - 6 March 2018<\/li><li><a href=\"https:\/\/finessence.fr\/en\/guide\/he-camomille-matricaire-bleue\/\">Blue German Chamomile EO<\/a> - 8 March 2018<\/li><li><a href=\"https:\/\/finessence.fr\/en\/guide\/huile-de-beaute-amande-douce\/\">Sweet Almond Beauty Oil<\/a> - 27 February 2018<\/li><li><a href=\"https:\/\/finessence.fr\/en\/guide\/he-camomille-romaine-deurope\/\">Roman Chamomile EO<\/a> - 6 March 2018<\/li><li><a href=\"https:\/\/finessence.fr\/en\/guide\/huile-precieuse-dargan\/\">Argan Precious Oil<\/a> - 8 March 2018<\/li><li><a href=\"https:\/\/finessence.fr\/en\/guide\/huile-de-soin-arnica\/\">Arnica Care Oil<\/a> - 8 March 2018<\/li><li><a href=\"https:\/\/finessence.fr\/en\/guide\/huile-de-soin-avocat\/\">Avocado Care Oil<\/a> - 8 March 2018<\/li><li><a href=\"https:\/\/finessence.fr\/en\/guide\/huile-precieuse-de-bourrache\/\">Borage Precious Oil<\/a> - 8 March 2018<\/li><li><a href=\"https:\/\/finessence.fr\/en\/guide\/huile-de-soin-calophyllum\/\">Calophyllum Care Oil<\/a> - 8 March 2018<\/li><li><a href=\"https:\/\/finessence.fr\/en\/guide\/huile-precieuse-de-jojoba\/\">Jojoba Precious Oil<\/a> - 8 March 2018<\/li><li><a href=\"https:\/\/finessence.fr\/en\/guide\/huile-de-beaute-macadamia\/\">Macadamia Beauty Oil<\/a> - 27 February 2018<\/li><li><a href=\"https:\/\/finessence.fr\/en\/guide\/huile-de-soin-millepertuis\/\">St John&#8217;s Wort Care Oil<\/a> - 8 March 2018<\/li><li><a href=\"https:\/\/finessence.fr\/en\/guide\/huile-de-beaute-noisette\/\">Hazelnut Beauty Oil<\/a> - 27 February 2018<\/li><li><a href=\"https:\/\/finessence.fr\/en\/guide\/he-cannelle-ecorce-de-madagascar\/\">Cinnamon Bark EO<\/a> - 27 February 2018<\/li><li><a href=\"https:\/\/finessence.fr\/en\/guide\/he-cannelle-feuille-de-madagascar\/\">Cinnamon Leaf Madagascar EO<\/a> - 27 February 2018<\/li><li><a href=\"https:\/\/finessence.fr\/en\/guide\/he-carotte-douce-de-france\/\">Carrot Seed EO<\/a> - 8 March 2018<\/li><li><a href=\"https:\/\/finessence.fr\/en\/guide\/he-cedre-de-latlas-maroc\/\">Atlas Cedar EO<\/a> - 7 March 2018<\/li><li><a href=\"https:\/\/finessence.fr\/en\/guide\/he-ciste-ladinifere-de-mediterranee\/\">Cistus Mediterranean EO<\/a> - 27 February 2018<\/li><li><a href=\"https:\/\/finessence.fr\/en\/guide\/he-citron-de-sicile\/\">Sicilian Lemon EO<\/a> - 7 March 2018<\/li><li><a href=\"https:\/\/finessence.fr\/en\/guide\/he-citronnelle-de-java\/\">Citronella Java EO<\/a> - 8 March 2018<\/li><li><a href=\"https:\/\/finessence.fr\/en\/guide\/he-cypres-vert-extra\/\">Green Cypress EO<\/a> - 7 March 2018<\/li><li><a href=\"https:\/\/finessence.fr\/en\/guide\/he-coriandre-feuille-fraiche\/\">Fresh Coriander Leaf EO<\/a> - 14 March 2018<\/li><li><a href=\"https:\/\/finessence.fr\/en\/guide\/he-encens-carterii-oliban-corne-de-lafrique\/\">Frankincense Horn of Africa EO<\/a> - 6 March 2018<\/li><li><a href=\"https:\/\/finessence.fr\/en\/guide\/he-epinette-noire-canada\/\">Canadian Black Spruce EO<\/a> - 7 March 2018<\/li><li><a href=\"https:\/\/finessence.fr\/en\/guide\/he-eucalyptus-radiata-daustralie\/\">Eucalyptus Radiata EO<\/a> - 7 March 2018<\/li><li><a href=\"https:\/\/finessence.fr\/en\/guide\/he-eucalyptus-globulus-extra-despagne\/\">Eucalytpus Globulus EO<\/a> - 7 March 2018<\/li><li><a href=\"https:\/\/finessence.fr\/en\/guide\/he-eucalyptus-citronne-de-madagascar\/\">Eucalyptus Citriadora EO<\/a> - 6 March 2018<\/li><li><a href=\"https:\/\/finessence.fr\/en\/guide\/he-gaultherie-couchee-nepal\/\">Wintergreen Procumbens EO<\/a> - 6 March 2018<\/li><li><a href=\"https:\/\/finessence.fr\/en\/guide\/he-genievre-baies-deurope\/\">Juniper Berry EO<\/a> - 6 March 2018<\/li><li><a href=\"https:\/\/finessence.fr\/en\/guide\/he-geranium-rosat-degypte\/\">Rose Geranium EO<\/a> - 8 March 2018<\/li><li><a href=\"https:\/\/finessence.fr\/en\/guide\/he-girofle-de-madagascar-clous-floraux\/\">Clove Bud EO<\/a> - 27 February 2018<\/li><li><a href=\"https:\/\/finessence.fr\/en\/guide\/he-gingembre-frais-rhizome-distille\/\">Fresh Ginger EO<\/a> - 5 March 2018<\/li><li><a href=\"https:\/\/finessence.fr\/en\/guide\/he-helichryse-bractee\/\">Helichrysum Bracteiferum EO<\/a> - 14 March 2018<\/li><li><a href=\"https:\/\/finessence.fr\/en\/guide\/he-immortelle-helichryse-italienne-corse\/\">Everlasting &#8211; Helichrysum Italicum EO<\/a> - 6 March 2018<\/li><li><a href=\"https:\/\/finessence.fr\/en\/guide\/he-laurier-noble-deurope\/\">Bay Laurel EO<\/a> - 5 March 2018<\/li><li><a href=\"https:\/\/finessence.fr\/en\/guide\/he-lavande-fine-de-provence\/\">Fine Lavander EO<\/a> - 6 March 2018<\/li><li><a href=\"https:\/\/finessence.fr\/en\/guide\/he-lavandin-super-de-provence\/\">Lavandin Super EO<\/a> - 6 March 2018<\/li><li><a href=\"https:\/\/finessence.fr\/en\/guide\/he-lavande-aspic-de-mediterranee\/\">Spike Lavander EO<\/a> - 8 March 2018<\/li><li><a href=\"https:\/\/finessence.fr\/en\/guide\/he-lentisque-pistachier\/\">Pistachio Mastic Tree EO<\/a> - 14 March 2018<\/li><li><a href=\"https:\/\/finessence.fr\/en\/guide\/he-lemongrass-verveine-indes\/\">Lemongrass Indian Verbena EO<\/a> - 5 March 2018<\/li><li><a href=\"https:\/\/finessence.fr\/en\/guide\/he-mandarine-rouge-extra\/\">Red Mandarin Extra EO<\/a> - 6 March 2018<\/li><li><a href=\"https:\/\/finessence.fr\/en\/guide\/he-marjolaine-a-coquille-de-mediterranee\/\">Sweet Marjoram EO<\/a> - 6 March 2018<\/li><li><a href=\"https:\/\/finessence.fr\/en\/guide\/he-marjolaine-sylvestre-de-mediterranee\/\">Woodland Marjoram EO<\/a> - 7 March 2018<\/li><li><a href=\"https:\/\/finessence.fr\/en\/guide\/he-menthe-champs-douce-mentholee\/\">Wild Mint EO<\/a> - 7 March 2018<\/li><li><a href=\"https:\/\/finessence.fr\/en\/guide\/he-menthe-nanah-maroc\/\">Nanah Mint EO<\/a> - 6 March 2018<\/li><li><a href=\"https:\/\/finessence.fr\/en\/guide\/he-menthe-poivree-forte-mentholee\/\">Peppermint EO<\/a> - 6 March 2018<\/li><li><a href=\"https:\/\/finessence.fr\/en\/guide\/he-neroli-maroc-fleur-doranger\/\">Bitter Orange Blossom EO<\/a> - 8 March 2018<\/li><li><a href=\"https:\/\/finessence.fr\/en\/guide\/he-niaouli-de-madagascar\/\">Niaouli EO<\/a> - 7 March 2018<\/li><li><a href=\"https:\/\/finessence.fr\/en\/guide\/he-orange-douce-damerique-latine\/\">Sweet Orange EO<\/a> - 6 March 2018<\/li><li><a href=\"https:\/\/finessence.fr\/en\/guide\/he-origan-compact-de-mediterranee\/\">Wild Oregano EO<\/a> - 27 February 2018<\/li><li><a href=\"https:\/\/finessence.fr\/en\/guide\/he-palmarosa-geranium-dinde\/\">Palmarosa Indian Geranium EO<\/a> - 27 February 2018<\/li><li><a href=\"https:\/\/finessence.fr\/en\/guide\/he-pamplemousse-de-floride\/\">Florida Grapefruit EO<\/a> - 7 March 2018<\/li><li><a href=\"https:\/\/finessence.fr\/en\/guide\/he-patchouli-extra-sri-lanka\/\">Patchouli Extra EO<\/a> - 8 March 2018<\/li><li><a href=\"https:\/\/finessence.fr\/en\/guide\/he-petitgrain-bigaradier-paraguay\/\">Bitter Orange Leaf EO<\/a> - 6 March 2018<\/li><li><a href=\"https:\/\/finessence.fr\/en\/guide\/he-pin-sylvestre-deurope\/\">Wild Scots Pine EO<\/a> - 7 March 2018<\/li><li><a href=\"https:\/\/finessence.fr\/en\/guide\/he-ravensare-aromatica-de-madagascar\/\">Ravensare Aromatica EO<\/a> - 27 February 2018<\/li><li><a href=\"https:\/\/finessence.fr\/en\/guide\/he-ravintsara-de-madagascar\/\">Ravintsara EO<\/a> - 27 February 2018<\/li><li><a href=\"https:\/\/finessence.fr\/en\/guide\/he-romarin-camphre-de-mediterranee\/\">Camphor Rosemary EO<\/a> - 6 March 2018<\/li><li><a href=\"https:\/\/finessence.fr\/en\/guide\/he-romarin-corse-a-verbenone\/\">Verbenone Rosemary EO<\/a> - 6 March 2018<\/li><li><a href=\"https:\/\/finessence.fr\/en\/guide\/he-romarin-doux-a-cineole\/\">Sweet Cineol Rosemary EO<\/a> - 7 March 2018<\/li><li><a href=\"https:\/\/finessence.fr\/en\/guide\/he-rose-de-damas-10-de-bulgarie\/\">Damask Rose 10% EO<\/a> - 8 March 2018<\/li><li><a href=\"https:\/\/finessence.fr\/en\/guide\/he-sapin-siberie\/\">Siberian Fir EO<\/a> - 14 March 2018<\/li><li><a href=\"https:\/\/finessence.fr\/en\/guide\/he-saro-de-madagascar\/\">Saro EO<\/a> - 27 February 2018<\/li><li><a href=\"https:\/\/finessence.fr\/en\/guide\/huile-de-beaute-noyaux-dabricot\/\">Apricot Kernel Beauty Oil<\/a> - 27 February 2018<\/li><li><a href=\"https:\/\/finessence.fr\/en\/guide\/huile-precieuse-donagre\/\">Evening Primerose Precious Oil<\/a> - 8 March 2018<\/li><li><a href=\"https:\/\/finessence.fr\/en\/guide\/huile-de-soin-ricin\/\">Castor Care Oil<\/a> - 8 March 2018<\/li><li><a href=\"https:\/\/finessence.fr\/en\/guide\/huile-precieuse-rosier-musque\/\">Rosehip Precious Oil<\/a> - 8 March 2018<\/li><li><a href=\"https:\/\/finessence.fr\/en\/guide\/he-sauge-sclaree-de-france\/\">Clary Sage EO<\/a> - 8 March 2018<\/li><li><a href=\"https:\/\/finessence.fr\/en\/guide\/he-tea-tree-daustralie\/\">Tea Tree EO<\/a> - 27 February 2018<\/li><li><a href=\"https:\/\/finessence.fr\/en\/guide\/he-terebenthine-pin-maritime-despagne\/\">Turpentine EO<\/a> - 6 March 2018<\/li><li><a href=\"https:\/\/finessence.fr\/en\/guide\/he-thym-doux-a-linalol\/\">Sweet Linalol Thyme EO<\/a> - 7 March 2018<\/li><li><a href=\"https:\/\/finessence.fr\/en\/guide\/he-thym-doux-a-borneol\/\">Sweet Borneol Thyme EO<\/a> - 7 March 2018<\/li><li><a href=\"https:\/\/finessence.fr\/en\/guide\/he-thym-fort-a-thymol\/\">Strong Thymol Thyme EO<\/a> - 27 February 2018<\/li><li><a href=\"https:\/\/finessence.fr\/en\/guide\/he-thym-thujanol\/\">Thujanol Thyme EO<\/a> - 14 March 2018<\/li><li><a href=\"https:\/\/finessence.fr\/en\/guide\/he-verveine-exotique\/\">Verbena Litsea Cubeba EO<\/a> - 6 March 2018<\/li><li><a href=\"https:\/\/finessence.fr\/en\/guide\/he-vetiver-extra-dhaiti\/\">Vetiver Extra EO<\/a> - 8 March 2018<\/li><li><a href=\"https:\/\/finessence.fr\/en\/guide\/he-ylang-ylang-complete-de-madagascar\/\">Ylang Ylang EO<\/a> - 8 March 2018<\/li><\/ul><\/div><div class=\"sp-wrap-cpt\"><ul class=\"sp-list-posts\"><li><a href=\"https:\/\/finessence.fr\/en\/?p=22166\">(Fran\u00e7ais) Parfum d&#8217;Int\u00e9rieur Pinus Sylvestris<\/a> - 26 October 2023<\/li><li><a href=\"https:\/\/finessence.fr\/en\/?p=22161\">(Fran\u00e7ais) Parfum d&#8217;Int\u00e9rieur Mentha Arvensis<\/a> - 26 October 2023<\/li><li><a href=\"https:\/\/finessence.fr\/en\/?p=22172\">(Fran\u00e7ais) Bouquet Parfum\u00e9 Lavandula<\/a> - 26 October 2023<\/li><li><a href=\"https:\/\/finessence.fr\/en\/?p=13405\">Huile Essentielle Bois de Santal d&#8217;Oc\u00e9anie BIO 2ml<\/a> - 8 August 2017<\/li><li><a href=\"https:\/\/finessence.fr\/en\/?p=21325\">Huile Essentielle Cannelle Feuille BIO 10ml<\/a> - 29 March 2023<\/li><li><a href=\"https:\/\/finessence.fr\/en\/?p=14522\">Huile Essentielle Coriandre Feuille Fra\u00eeche BIO 5ml<\/a> - 14 March 2018<\/li><li><a href=\"https:\/\/finessence.fr\/en\/?p=13374\">Huile Essentielle Cypr\u00e8s Vert Extra BIO 10ml<\/a> - 8 August 2017<\/li><li><a href=\"https:\/\/finessence.fr\/en\/?p=13409\">Huile Essentielle Encens Carterii Oliban BIO 5ml<\/a> - 8 August 2017<\/li><li><a href=\"https:\/\/finessence.fr\/en\/?p=13458\">Huile Essentielle Epinette Noire du Canada BIO 5ml<\/a> - 9 August 2017<\/li><li><a href=\"https:\/\/finessence.fr\/en\/?p=18565\">Huile Essentielle Estragon Feuille Extra BIO 5ml<\/a> - 26 June 2020<\/li><li><a href=\"https:\/\/finessence.fr\/en\/?p=13425\">Huile Essentielle Geni\u00e8vre Baies d&#8217;Europe BIO 10ml<\/a> - 8 August 2017<\/li><li><a href=\"https:\/\/finessence.fr\/en\/?p=13485\">Huile Essentielle Girofle de Madagascar BIO 10ml<\/a> - 10 August 2017<\/li><li><a href=\"https:\/\/finessence.fr\/en\/?p=14520\">Huile Essentielle Lentisque Pistachier BIO 5ml<\/a> - 14 March 2018<\/li><li><a href=\"https:\/\/finessence.fr\/en\/?p=13542\">Huile Essentielle Mandarine Rouge Extra BIO 10ml<\/a> - 16 August 2017<\/li><li><a href=\"https:\/\/finessence.fr\/en\/?p=13448\">Huile Essentielle Marjolaine \u00e0 Coquille de M\u00e9diterran\u00e9e BIO 5ml<\/a> - 9 August 2017<\/li><li><a href=\"https:\/\/finessence.fr\/en\/?p=13463\">Huile Essentielle Marjolaine Sylvestre de M\u00e9diterran\u00e9e BIO 5ml<\/a> - 9 August 2017<\/li><li><a href=\"https:\/\/finessence.fr\/en\/?p=19499\">Huile Essentielle M\u00e9lisse de France BIO 1ml<\/a> - 11 May 2021<\/li><li><a href=\"https:\/\/finessence.fr\/en\/?p=13489\">Huile Essentielle Palmarosa G\u00e9ranium d&#8217;Inde BIO 10ml<\/a> - 10 August 2017<\/li><li><a href=\"https:\/\/finessence.fr\/en\/?p=13396\">Huile Essentielle Patchouli Extra Feuille BIO 10ml<\/a> - 8 August 2017<\/li><li><a href=\"https:\/\/finessence.fr\/en\/?p=13471\">Huile Essentielle Pin Sylvestre d&#8217;Europe BIO 10ml<\/a> - 10 August 2017<\/li><li><a href=\"https:\/\/finessence.fr\/en\/?p=13454\">Huile Essentielle Romarin Corse \u00e0 Verbenone BIO 5ml<\/a> - 9 August 2017<\/li><li><a href=\"https:\/\/finessence.fr\/en\/?p=13473\">Huile Essentielle Romarin Doux \u00e0 Cin\u00e9ole BIO 10ml<\/a> - 10 August 2017<\/li><li><a href=\"https:\/\/finessence.fr\/en\/?p=18681\">Aroma Diffusion Sommeil Paisible<\/a> - 24 August 2020<\/li><li><a href=\"https:\/\/finessence.fr\/en\/?p=19497\">Huile Essentielle Rose de Damas BIO 1ml<\/a> - 11 May 2021<\/li><li><a href=\"https:\/\/finessence.fr\/en\/?p=18679\">Aroma Diffusion Confort Respiratoire<\/a> - 24 August 2020<\/li><li><a href=\"https:\/\/finessence.fr\/en\/?p=18677\">Aroma Diffusion Anti-Odeurs<\/a> - 24 August 2020<\/li><li><a href=\"https:\/\/finessence.fr\/en\/?p=14525\">Huile Essentielle Sapin de Sib\u00e9rie Aiguilles BIO 10ml<\/a> - 14 March 2018<\/li><li><a href=\"https:\/\/finessence.fr\/en\/?p=18674\">Aroma Diffusion Nuit d&#8217;\u00c9t\u00e9 \u00e0 la Citronnelle<\/a> - 24 August 2020<\/li><li><a href=\"https:\/\/finessence.fr\/en\/?p=19501\">Huile Essentielle Sarriette des Montagnes de France BIO 5ml<\/a> - 11 May 2021<\/li><li><a href=\"https:\/\/finessence.fr\/en\/?p=13429\">Huile Essentielle Terebenthine Pin Maritime du Portugal BIO 10ml<\/a> - 8 August 2017<\/li><li><a href=\"https:\/\/finessence.fr\/en\/?p=14528\">Huile Essentielle Thym \u00e0 Thujanol France BIO 5ml<\/a> - 14 March 2018<\/li><li><a href=\"https:\/\/finessence.fr\/en\/?p=13475\">Huile Essentielle Thym Doux \u00e0 Born\u00e9ol BIO 10ml<\/a> - 10 August 2017<\/li><li><a href=\"https:\/\/finessence.fr\/en\/?p=13477\">Huile Essentielle Thym Doux \u00e0 Linalol BIO 5ml<\/a> - 10 August 2017<\/li><li><a href=\"https:\/\/finessence.fr\/en\/?p=13720\">Huile de Massage Bio Confort Articulaire<\/a> - 16 August 2017<\/li><li><a href=\"https:\/\/finessence.fr\/en\/?p=13400\">Huile Essentielle Ylang Ylang Compl\u00e8te de Madagascar BIO 10ml<\/a> - 8 August 2017<\/li><li><a href=\"https:\/\/finessence.fr\/en\/?p=18791\">Huile Essentielle Citron de Sicile Zeste BIO 30ml<\/a> - 30 September 2020<\/li><li><a href=\"https:\/\/finessence.fr\/en\/?p=18796\">Huile Essentielle Eucalyptus Radiata Frais BIO 30ml<\/a> - 30 September 2020<\/li><li><a href=\"https:\/\/finessence.fr\/en\/?p=18798\">Huile Essentielle Gaulth\u00e9rie Couch\u00e9e Procumbens BIO 30ml<\/a> - 30 September 2020<\/li><li><a href=\"https:\/\/finessence.fr\/en\/?p=13433\">Huile Essentielle Basilic Tropical d&#8217;Orient BIO 10ml<\/a> - 9 August 2017<\/li><li><a href=\"https:\/\/finessence.fr\/en\/?p=18800\">Huile Essentielle Lavande Fine de Provence BIO 30ml<\/a> - 30 September 2020<\/li><li><a href=\"https:\/\/finessence.fr\/en\/?p=13402\">Huile Essentielle Bergamote d&#8217;Italie sans Furocoumarines BIO 10ml<\/a> - 8 August 2017<\/li><li><a href=\"https:\/\/finessence.fr\/en\/?p=18802\">Huile Essentielle Lavandin Super de Provence BIO 30ml<\/a> - 30 September 2020<\/li><li><a href=\"https:\/\/finessence.fr\/en\/?p=18806\">Huile Essentielle Menthe Poivr\u00e9e BIO 30ml<\/a> - 30 September 2020<\/li><li><a href=\"https:\/\/finessence.fr\/en\/?p=13407\">Huile Essentielle Camomille Romaine d&#8217;Europe BIO 5ml<\/a> - 8 August 2017<\/li><li><a href=\"https:\/\/finessence.fr\/en\/?p=18808\">Huile Essentielle Orange Douce d&#8217;Am\u00e9rique Latine BIO 30ml<\/a> - 30 September 2020<\/li><li><a href=\"https:\/\/finessence.fr\/en\/?p=18810\">Huile Essentielle Ravintsara de Madagascar BIO 30ml<\/a> - 30 September 2020<\/li><li><a href=\"https:\/\/finessence.fr\/en\/?p=18812\">Huile Essentielle Tea Tree d&#8217;Australie BIO 30ml<\/a> - 30 September 2020<\/li><li><a href=\"https:\/\/finessence.fr\/en\/?p=13506\">Huile V\u00e9g\u00e9tale d&#8217;Avocat BIO<\/a> - 14 August 2017<\/li><li><a href=\"https:\/\/finessence.fr\/en\/?p=13510\">Huile V\u00e9g\u00e9tale de Millepertuis BIO<\/a> - 14 August 2017<\/li><li><a href=\"https:\/\/finessence.fr\/en\/?p=13532\">Huile V\u00e9g\u00e9tale de Noisette BIO<\/a> - 14 August 2017<\/li><li><a href=\"https:\/\/finessence.fr\/en\/?p=13698\">Zen Diffuser<\/a> - 16 August 2017<\/li><li><a href=\"https:\/\/finessence.fr\/en\/?p=13708\">Huile de Massage Bio \u00c9nergie et Vitalit\u00e9<\/a> - 16 August 2017<\/li><li><a href=\"https:\/\/finessence.fr\/en\/?p=18668\">Aroma Diffusion Relaxation<\/a> - 20 August 2020<\/li><li><a href=\"https:\/\/finessence.fr\/en\/?p=18670\">Aroma Diffusion Jardin d&#8217;Agrumes<\/a> - 24 August 2020<\/li><li><a href=\"https:\/\/finessence.fr\/en\/?p=18672\">Aroma Diffusion Vitalit\u00e9 en Hiver<\/a> - 24 August 2020<\/li><li><a href=\"https:\/\/finessence.fr\/en\/?p=13369\">Huile Essentielle C\u00e8dre de l&#8217;Atlas Maroc BIO 10ml<\/a> - 8 August 2017<\/li><li><a href=\"https:\/\/finessence.fr\/en\/?p=14607\">Eau Florale de Rose BIO<\/a> - 27 September 2018<\/li><li><a href=\"https:\/\/finessence.fr\/en\/?p=13483\">Huile Essentielle Ciste Ladanif\u00e8re de M\u00e9diterran\u00e9e BIO 2ml<\/a> - 10 August 2017<\/li><li><a href=\"https:\/\/finessence.fr\/en\/?p=13372\">Huile Essentielle Citron de Sicile Zeste BIO 10ml<\/a> - 8 August 2017<\/li><li><a href=\"https:\/\/finessence.fr\/en\/?p=13387\">Huile Essentielle Citronnelle de Java BIO 10ml<\/a> - 8 August 2017<\/li><li><a href=\"https:\/\/finessence.fr\/en\/?p=13420\">Huile Essentielle Eucalyptus Citronn\u00e9 de Madagascar BIO 10ml<\/a> - 8 August 2017<\/li><li><a href=\"https:\/\/finessence.fr\/en\/?p=13461\">Huile Essentielle Eucalyptus Globulus Extra d&#8217;Espagne BIO 10ml<\/a> - 9 August 2017<\/li><li><a href=\"https:\/\/finessence.fr\/en\/?p=13479\">Huile Essentielle Eucalyptus Radiata Frais BIO 10ml<\/a> - 10 August 2017<\/li><li><a href=\"https:\/\/finessence.fr\/en\/?p=13423\">Huile Essentielle Gaulth\u00e9rie Couch\u00e9e Procumbens BIO 10ml<\/a> - 8 August 2017<\/li><li><a href=\"https:\/\/finessence.fr\/en\/?p=13389\">Huile Essentielle G\u00e9ranium Rosat d&#8217;Egypte BIO 5ml<\/a> - 8 August 2017<\/li><li><a href=\"https:\/\/finessence.fr\/en\/?p=13438\">Huile Essentielle Gingembre Frais BIO 5ml<\/a> - 9 August 2017<\/li><li><a href=\"https:\/\/finessence.fr\/en\/?p=13413\">Huile Essentielle Lavandin Super de Provence BIO 10ml<\/a> - 8 August 2017<\/li><li><a href=\"https:\/\/finessence.fr\/en\/?p=13411\">Huile Essentielle Lavande Fine de Provence BIO 10ml<\/a> - 8 August 2017<\/li><li><a href=\"https:\/\/finessence.fr\/en\/?p=13446\">Huile Essentielle Lemongrass Verveine des Indes BIO 10ml<\/a> - 9 August 2017<\/li><li><a href=\"https:\/\/finessence.fr\/en\/?p=13466\">Huile Essentielle Menthe des Champs BIO 10ml<\/a> - 10 August 2017<\/li><li><a href=\"https:\/\/finessence.fr\/en\/?p=13452\">Huile Essentielle Menthe Poivr\u00e9e BIO 10ml<\/a> - 9 August 2017<\/li><li><a href=\"https:\/\/finessence.fr\/en\/?p=13393\">Huile Essentielle N\u00e9roli Fleur d&#8217;Oranger de M\u00e9diterran\u00e9e BIO 2ml<\/a> - 8 August 2017<\/li><li><a href=\"https:\/\/finessence.fr\/en\/?p=13469\">Huile Essentielle Niaouli de Madagascar BIO 10ml<\/a> - 10 August 2017<\/li><li><a href=\"https:\/\/finessence.fr\/en\/?p=13415\">Huile Essentielle Orange Douce d&#8217;Am\u00e9rique Latine BIO 10ml<\/a> - 8 August 2017<\/li><li><a href=\"https:\/\/finessence.fr\/en\/?p=13493\">Huile Essentielle Ravintsara de Madagascar BIO 10ml<\/a> - 10 August 2017<\/li><li><a href=\"https:\/\/finessence.fr\/en\/?p=13431\">Huile Essentielle Romarin Camphr\u00e9 de M\u00e9diterran\u00e9e BIO 10ml<\/a> - 8 August 2017<\/li><li><a href=\"https:\/\/finessence.fr\/en\/?p=13378\">Huile Essentielle Sauge Sclar\u00e9e de France BIO 5ml<\/a> - 8 August 2017<\/li><li><a href=\"https:\/\/finessence.fr\/en\/?p=13497\">Huile Essentielle Tea Tree d&#8217;Australie BIO 10ml<\/a> - 10 August 2017<\/li><li><a href=\"https:\/\/finessence.fr\/en\/?p=13456\">Huile Essentielle Verveine Exotique BIO 10ml<\/a> - 9 August 2017<\/li><\/ul><\/div><\/div>\n<p><\/p>","protected":false},"excerpt":{"rendered":"<p>This page shows you the map of this website. Below you can find a list of all the pages that are essential to navigate properly.<\/p>\n","protected":false},"author":1,"featured_media":0,"parent":0,"menu_order":0,"comment_status":"open","ping_status":"open","template":"","meta":{"_acf_changed":false,"_seopress_robots_primary_cat":"","_seopress_titles_title":"","_seopress_titles_desc":"","_seopress_robots_index":"","footnotes":""},"class_list":["post-13","page","type-page","status-publish","hentry"],"acf":[],"_links":{"self":[{"href":"https:\/\/finessence.fr\/en\/wp-json\/wp\/v2\/pages\/13","targetHints":{"allow":["GET"]}}],"collection":[{"href":"https:\/\/finessence.fr\/en\/wp-json\/wp\/v2\/pages"}],"about":[{"href":"https:\/\/finessence.fr\/en\/wp-json\/wp\/v2\/types\/page"}],"author":[{"embeddable":true,"href":"https:\/\/finessence.fr\/en\/wp-json\/wp\/v2\/users\/1"}],"replies":[{"embeddable":true,"href":"https:\/\/finessence.fr\/en\/wp-json\/wp\/v2\/comments?post=13"}],"version-history":[{"count":5,"href":"https:\/\/finessence.fr\/en\/wp-json\/wp\/v2\/pages\/13\/revisions"}],"predecessor-version":[{"id":21166,"href":"https:\/\/finessence.fr\/en\/wp-json\/wp\/v2\/pages\/13\/revisions\/21166"}],"wp:attachment":[{"href":"https:\/\/finessence.fr\/en\/wp-json\/wp\/v2\/media?parent=13"}],"curies":[{"name":"wp","href":"https:\/\/api.w.org\/{rel}","templated":true}]}}